{"id":259,"date":"2015-10-14T20:16:05","date_gmt":"2015-10-14T20:16:05","guid":{"rendered":"http:\/\/kochlef.com\/?page_id=259"},"modified":"2015-10-15T14:52:56","modified_gmt":"2015-10-15T14:52:56","slug":"our-services","status":"publish","type":"page","link":"https:\/\/www.kochlef.com\/en\/","title":{"rendered":"My Services"},"content":{"rendered":"<h2>Services offerts<\/h2>\n<h5>Cliquez sur chaque service pour obtenir des d\u00e9tails.<\/h5>\n<div id=\"accordion9\" class=\"accordion\">\n<div class=\"accordion-group\">\n<div class=\"accordion-heading\"><a class=\"accordion-toggle\" href=\"#collapseNine\" data-toggle=\"collapse\" data-parent=\"#accordion9\">Strat\u00e9gie m\u00e9dias sociaux<i class=\"icon-chevron-down\"><\/i> <\/a><\/div>\n<div id=\"collapseNine\" class=\"accordion-body collapse\">\n<div class=\"accordion-inner\">\n<ul>\n<li>Analyse de l\u2019audience et des objectifs<\/li>\n<li>Recommandations strat\u00e9giques<\/li>\n<li>Mise en place de la strat\u00e9gie<\/li>\n<\/ul>\n<\/div>\n<\/div>\n<\/div>\n<div id=\"accordion10\" class=\"accordion\">\n<div class=\"accordion-group\">\n<div class=\"accordion-heading\"><a class=\"accordion-toggle\" href=\"#collapseTen\" data-toggle=\"collapse\" data-parent=\"#accordion10\">Gestion de communaut\u00e9s<i class=\"icon-chevron-down\"><\/i> <\/a><\/div>\n<div id=\"collapseTen\" class=\"accordion-body collapse\">\n<div class=\"accordion-inner\">\n<ul>\n<li>Cr\u00e9ation de calendriers \u00e9ditoriaux<\/li>\n<li>R\u00e9daction de contenu pour les r\u00e9seaux sociaux<\/li>\n<li>Animation de communaut\u00e9s<\/li>\n<li>Publicit\u00e9s et publications commandit\u00e9es<\/li>\n<li>Rapports statistiques et mesure de performance<\/li>\n<\/ul>\n<\/div>\n<\/div>\n<\/div>\n<div id=\"accordion11\" class=\"accordion\">\n<div class=\"accordion-group\">\n<div class=\"accordion-heading\"><a class=\"accordion-toggle\" href=\"#collapseEleven\" data-toggle=\"collapse\" data-parent=\"#accordion11\">R\u00e9daction d\u2019articles de blogues<i class=\"icon-chevron-down\"><\/i> <\/a><\/div>\n<div id=\"collapseEleven\" class=\"accordion-body collapse\">\n<div class=\"accordion-inner\">\n<ul>\n<li>\u00c9laboration d\u2019une strat\u00e9gie r\u00e9dactionnelle<\/li>\n<li>R\u00e9daction de contenu adapt\u00e9 au web (SEO)<\/li>\n<li>Publication compl\u00e8te des articles<\/li>\n<\/ul>\n<\/div>\n<\/div>\n<\/div>\n<div id=\"accordion12\" class=\"accordion\">\n<div class=\"accordion-group\">\n<div class=\"accordion-heading\"><a class=\"accordion-toggle\" href=\"#collapseTwelve\" data-toggle=\"collapse\" data-parent=\"#accordion12\">R\u00e9daction web<i class=\"icon-chevron-down\"><\/i> <\/a><\/div>\n<div id=\"collapseTwelve\" class=\"accordion-body collapse\">\n<div class=\"accordion-inner\">\n<ul>\n<li>R\u00e9daction de descriptions pour les r\u00e9seaux sociaux<\/li>\n<li>R\u00e9daction de contenu de sites web<\/li>\n<li>R\u00e9daction d\u2019infolettres<\/li>\n<\/ul>\n<\/div>\n<\/div>\n<\/div>\n<div id=\"accordion13\" class=\"accordion\">\n<div class=\"accordion-group\">\n<div class=\"accordion-heading\"><a class=\"accordion-toggle\" href=\"#collapseThirteen\" data-toggle=\"collapse\" data-parent=\"#accordion13\">Cr\u00e9ation et gestion de concours<i class=\"icon-chevron-down\"><\/i> <\/a><\/div>\n<div id=\"collapseThirteen\" class=\"accordion-body collapse\">\n<div class=\"accordion-inner\">\n<ul>\n<li>Cr\u00e9ation de visuels pour le concours<\/li>\n<li>Cr\u00e9ation de concours<\/li>\n<li>Gestion de concours via les m\u00e9dias sociaux<\/li>\n<li>Production de listes de courriels<\/li>\n<\/ul>\n<\/div>\n<\/div>\n<\/div>\n<div id=\"accordion14\" class=\"accordion\">\n<div class=\"accordion-group\">\n<div class=\"accordion-heading\"><a class=\"accordion-toggle\" href=\"#collapseFourteen\" data-toggle=\"collapse\" data-parent=\"#accordion14\">Campagnes avec blogueurs\/influenceurs<i class=\"icon-chevron-down\"><\/i> <\/a><\/div>\n<div id=\"collapseFourteen\" class=\"accordion-body collapse\">\n<div class=\"accordion-inner\">\n<ul>\n<li>\u00c9laboration du concept<\/li>\n<li>Ciblage de blogueurs\/influenceurs<\/li>\n<li>Lancement et gestion de la campagne promotionnelle<\/li>\n<\/ul>\n<\/div>\n<\/div>\n<\/div>\n<div id=\"accordion15\" class=\"accordion\">\n<div class=\"accordion-group\">\n<div class=\"accordion-heading\"><a class=\"accordion-toggle\" href=\"#collapseFifteen\" data-toggle=\"collapse\" data-parent=\"#accordion15\">Couverture d\u2019\u00e9v\u00e9nements<i class=\"icon-chevron-down\"><\/i> <\/a><\/div>\n<div id=\"collapseFifteen\" class=\"accordion-body collapse\">\n<div class=\"accordion-inner\">\n<ul>\n<li>\u00c9laboration de concepts<\/li>\n<li>Couverture d\u2019\u00e9v\u00e9nements via les r\u00e9seaux sociaux<\/li>\n<\/ul>\n<\/div>\n<\/div>\n<\/div>\n<div id=\"accordion29\" class=\"accordion\">\n<div class=\"accordion-group\">\n<div class=\"accordion-heading\"><a class=\"accordion-toggle\" href=\"#collapseTwentyNine\" data-toggle=\"collapse\" data-parent=\"#accordion29\">Traduction<i class=\"icon-chevron-down\"><\/i> <\/a><\/div>\n<div id=\"collapseTwentyNine\" class=\"accordion-body collapse\">\n<div class=\"accordion-inner\">\n<ul>\n<li>Traduction de l\u2019anglais au fran\u00e7ais pour les r\u00e9seaux sociaux<\/li>\n<li>Traduction de l\u2019anglais au fran\u00e7ais pour les sites web<\/li>\n<\/ul>\n<\/div>\n<\/div>\n<\/div>\n<div id=\"accordion30\" class=\"accordion\">\n<div class=\"accordion-group\">\n<div class=\"accordion-heading\"><a class=\"accordion-toggle\" href=\"#collapseThirty\" data-toggle=\"collapse\" data-parent=\"#accordion30\">R\u00e9vision de textes<i class=\"icon-chevron-down\"><\/i> <\/a><\/div>\n<div id=\"collapseThirty\" class=\"accordion-body collapse\">\n<div class=\"accordion-inner\">\n<ul>\n<li>R\u00e9vision et correction de textes en fran\u00e7ais<\/li>\n<\/ul>\n<\/div>\n<\/div>\n<\/div>\n<div id=\"accordion31\" class=\"accordion\">\n<div class=\"accordion-group\">\n<div class=\"accordion-heading\"><a class=\"accordion-toggle\" href=\"#collapseThirtyOne\" data-toggle=\"collapse\" data-parent=\"#accordion31\">Assurance qualit\u00e9 de sites web et d\u2019applications<i class=\"icon-chevron-down\"><\/i> <\/a><\/div>\n<div id=\"collapseThirtyOne\" class=\"accordion-body collapse\">\n<div class=\"accordion-inner\">\n<ul>\n<li>Assurance qualit\u00e9 de sites web et applications sur Mac, PC, iPhone et iPad<\/li>\n<li>Suggestions d\u2019am\u00e9liorations de sites web (r\u00e9seaux sociaux, SEO, exp\u00e9rience client)<\/li>\n<\/ul>\n<\/div>\n<\/div>\n<\/div>\n<div id=\"accordion16\" class=\"accordion\">\n<div class=\"accordion-group\">\n<div class=\"accordion-heading\"><a class=\"accordion-toggle\" href=\"#collapseSixteen\" data-toggle=\"collapse\" data-parent=\"#accordion16\">Veille m\u00e9diatique sur les r\u00e9seaux sociaux<i class=\"icon-chevron-down\"><\/i> <\/a><\/div>\n<div id=\"collapseSixteen\" class=\"accordion-body collapse\">\n<div class=\"accordion-inner\">\n<ul>\n<li>Veille de mots-cl\u00e9s li\u00e9s au secteur d\u2019activit\u00e9s<\/li>\n<li>Veille de r\u00e9putation<\/li>\n<\/ul>\n<\/div>\n<\/div>\n<\/div>\n<\/div>\n<\/div>\n<\/div>\n<\/div>\n<\/div>\n<\/div>\n<\/div>\n<\/div>\n<\/div>\n<\/div>\n<\/div>\n","protected":false},"excerpt":{"rendered":"<p>Services offerts Cliquez sur chaque service pour obtenir des d\u00e9tails. Strat\u00e9gie m\u00e9dias sociaux Analyse de l\u2019audience et des objectifs Recommandations strat\u00e9giques Mise [&hellip;]<\/p>\n","protected":false},"author":1,"featured_media":0,"parent":0,"menu_order":0,"comment_status":"closed","ping_status":"closed","template":"template-custom-page.php","meta":{"footnotes":""},"class_list":["post-259","page","type-page","status-publish","hentry"],"_links":{"self":[{"href":"https:\/\/www.kochlef.com\/en\/wp-json\/wp\/v2\/pages\/259","targetHints":{"allow":["GET"]}}],"collection":[{"href":"https:\/\/www.kochlef.com\/en\/wp-json\/wp\/v2\/pages"}],"about":[{"href":"https:\/\/www.kochlef.com\/en\/wp-json\/wp\/v2\/types\/page"}],"author":[{"embeddable":true,"href":"https:\/\/www.kochlef.com\/en\/wp-json\/wp\/v2\/users\/1"}],"replies":[{"embeddable":true,"href":"https:\/\/www.kochlef.com\/en\/wp-json\/wp\/v2\/comments?post=259"}],"version-history":[{"count":2,"href":"https:\/\/www.kochlef.com\/en\/wp-json\/wp\/v2\/pages\/259\/revisions"}],"predecessor-version":[{"id":273,"href":"https:\/\/www.kochlef.com\/en\/wp-json\/wp\/v2\/pages\/259\/revisions\/273"}],"wp:attachment":[{"href":"https:\/\/www.kochlef.com\/en\/wp-json\/wp\/v2\/media?parent=259"}],"curies":[{"name":"wp","href":"https:\/\/api.w.org\/{rel}","templated":true}]}}